

{"id":27,"date":"2022-02-23T21:01:13","date_gmt":"2022-02-23T21:01:13","guid":{"rendered":"https:\/\/www.mic-hub.com\/?page_id=27"},"modified":"2025-06-10T13:42:36","modified_gmt":"2025-06-10T12:42:36","slug":"planet","status":"publish","type":"page","link":"https:\/\/www.mic-hub.com\/it\/planet\/","title":{"rendered":"Our Planet"},"content":{"rendered":"","protected":false},"excerpt":{"rendered":"","protected":false},"author":6,"featured_media":0,"parent":0,"menu_order":0,"comment_status":"closed","ping_status":"closed","template":"our_planet.php","meta":{"footnotes":""},"class_list":["post-27","page","type-page","status-publish","hentry"],"yoast_head":"<!-- This site is optimized with the Yoast SEO plugin v18.2 - https:\/\/yoast.com\/wordpress\/plugins\/seo\/ -->\n<meta name=\"description\" content=\"Mobility as a critical factor of sustainable development. We help clients to lead the change by designing sustainable mobility strategies.\" \/>\n<meta name=\"robots\" content=\"index, follow, max-snippet:-1, max-image-preview:large, max-video-preview:-1\" \/>\n<link rel=\"canonical\" href=\"https:\/\/www.mic-hub.com\/it\/planet\/\" \/>\n<meta property=\"og:locale\" content=\"it_IT\" \/>\n<meta property=\"og:type\" content=\"article\" \/>\n<meta property=\"og:title\" content=\"Sustainable Mobility - Our Planet | MIC-HUB\" \/>\n<meta property=\"og:description\" content=\"Mobility as a critical factor of sustainable development. We help clients to lead the change by designing sustainable mobility strategies.\" \/>\n<meta property=\"og:url\" content=\"https:\/\/www.mic-hub.com\/it\/planet\/\" \/>\n<meta property=\"og:site_name\" content=\"MIC-HUB\" \/>\n<meta property=\"article:modified_time\" content=\"2025-06-10T12:42:36+00:00\" \/>\n<meta name=\"twitter:card\" content=\"summary_large_image\" \/>\n<script type=\"application\/ld+json\" class=\"yoast-schema-graph\">{\"@context\":\"https:\/\/schema.org\",\"@graph\":[{\"@type\":\"Organization\",\"@id\":\"https:\/\/www.mic-hub.com\/it\/#organization\",\"name\":\"MIC-HUB\",\"url\":\"https:\/\/www.mic-hub.com\/it\/\",\"sameAs\":[],\"logo\":{\"@type\":\"ImageObject\",\"@id\":\"https:\/\/www.mic-hub.com\/it\/#logo\",\"inLanguage\":\"it-IT\",\"url\":\"https:\/\/www.mic-hub.com\/wp-content\/uploads\/2022\/03\/mic-hub_logo_1200x628.jpg\",\"contentUrl\":\"https:\/\/www.mic-hub.com\/wp-content\/uploads\/2022\/03\/mic-hub_logo_1200x628.jpg\",\"width\":1200,\"height\":628,\"caption\":\"MIC-HUB\"},\"image\":{\"@id\":\"https:\/\/www.mic-hub.com\/it\/#logo\"}},{\"@type\":\"WebSite\",\"@id\":\"https:\/\/www.mic-hub.com\/it\/#website\",\"url\":\"https:\/\/www.mic-hub.com\/it\/\",\"name\":\"MIC-HUB\",\"description\":\"Mobility Planning, Infrastructure Design, City Futures\",\"publisher\":{\"@id\":\"https:\/\/www.mic-hub.com\/it\/#organization\"},\"potentialAction\":[{\"@type\":\"SearchAction\",\"target\":{\"@type\":\"EntryPoint\",\"urlTemplate\":\"https:\/\/www.mic-hub.com\/it\/?s={search_term_string}\"},\"query-input\":\"required name=search_term_string\"}],\"inLanguage\":\"it-IT\"},{\"@type\":\"WebPage\",\"@id\":\"https:\/\/www.mic-hub.com\/it\/planet\/#webpage\",\"url\":\"https:\/\/www.mic-hub.com\/it\/planet\/\",\"name\":\"Sustainable Mobility - Our Planet | MIC-HUB\",\"isPartOf\":{\"@id\":\"https:\/\/www.mic-hub.com\/it\/#website\"},\"datePublished\":\"2022-02-23T21:01:13+00:00\",\"dateModified\":\"2025-06-10T12:42:36+00:00\",\"description\":\"Mobility as a critical factor of sustainable development. We help clients to lead the change by designing sustainable mobility strategies.\",\"breadcrumb\":{\"@id\":\"https:\/\/www.mic-hub.com\/it\/planet\/#breadcrumb\"},\"inLanguage\":\"it-IT\",\"potentialAction\":[{\"@type\":\"ReadAction\",\"target\":[[\"https:\/\/www.mic-hub.com\/it\/planet\/\"]]}]},{\"@type\":\"BreadcrumbList\",\"@id\":\"https:\/\/www.mic-hub.com\/it\/planet\/#breadcrumb\",\"itemListElement\":[{\"@type\":\"ListItem\",\"position\":1,\"name\":\"Our Planet\"}]}]}<\/script>\n<!-- \/ Yoast SEO plugin. -->","yoast_head_json":{"description":"Mobility as a critical factor of sustainable development. We help clients to lead the change by designing sustainable mobility strategies.","robots":{"index":"index","follow":"follow","max-snippet":"max-snippet:-1","max-image-preview":"max-image-preview:large","max-video-preview":"max-video-preview:-1"},"canonical":"https:\/\/www.mic-hub.com\/it\/planet\/","og_locale":"it_IT","og_type":"article","og_title":"Sustainable Mobility - Our Planet | MIC-HUB","og_description":"Mobility as a critical factor of sustainable development. We help clients to lead the change by designing sustainable mobility strategies.","og_url":"https:\/\/www.mic-hub.com\/it\/planet\/","og_site_name":"MIC-HUB","article_modified_time":"2025-06-10T12:42:36+00:00","twitter_card":"summary_large_image","schema":{"@context":"https:\/\/schema.org","@graph":[{"@type":"Organization","@id":"https:\/\/www.mic-hub.com\/it\/#organization","name":"MIC-HUB","url":"https:\/\/www.mic-hub.com\/it\/","sameAs":[],"logo":{"@type":"ImageObject","@id":"https:\/\/www.mic-hub.com\/it\/#logo","inLanguage":"it-IT","url":"https:\/\/www.mic-hub.com\/wp-content\/uploads\/2022\/03\/mic-hub_logo_1200x628.jpg","contentUrl":"https:\/\/www.mic-hub.com\/wp-content\/uploads\/2022\/03\/mic-hub_logo_1200x628.jpg","width":1200,"height":628,"caption":"MIC-HUB"},"image":{"@id":"https:\/\/www.mic-hub.com\/it\/#logo"}},{"@type":"WebSite","@id":"https:\/\/www.mic-hub.com\/it\/#website","url":"https:\/\/www.mic-hub.com\/it\/","name":"MIC-HUB","description":"Mobility Planning, Infrastructure Design, City Futures","publisher":{"@id":"https:\/\/www.mic-hub.com\/it\/#organization"},"potentialAction":[{"@type":"SearchAction","target":{"@type":"EntryPoint","urlTemplate":"https:\/\/www.mic-hub.com\/it\/?s={search_term_string}"},"query-input":"required name=search_term_string"}],"inLanguage":"it-IT"},{"@type":"WebPage","@id":"https:\/\/www.mic-hub.com\/it\/planet\/#webpage","url":"https:\/\/www.mic-hub.com\/it\/planet\/","name":"Sustainable Mobility - Our Planet | MIC-HUB","isPartOf":{"@id":"https:\/\/www.mic-hub.com\/it\/#website"},"datePublished":"2022-02-23T21:01:13+00:00","dateModified":"2025-06-10T12:42:36+00:00","description":"Mobility as a critical factor of sustainable development. We help clients to lead the change by designing sustainable mobility strategies.","breadcrumb":{"@id":"https:\/\/www.mic-hub.com\/it\/planet\/#breadcrumb"},"inLanguage":"it-IT","potentialAction":[{"@type":"ReadAction","target":[["https:\/\/www.mic-hub.com\/it\/planet\/"]]}]},{"@type":"BreadcrumbList","@id":"https:\/\/www.mic-hub.com\/it\/planet\/#breadcrumb","itemListElement":[{"@type":"ListItem","position":1,"name":"Our Planet"}]}]}},"meta_box":{"MICHUB_is_hero_image":"","MICHUB_hero_image":false,"MICHUB_hero_video":[],"MICHUB_hero_caption":"","MICHUB_introduction_claim":"","MICHUB_introduction_description":"","MICHUB_kpi":[],"MICHUB_categories_showcase_v2":[],"MICHUB_news_highlight":"","MICHUB_news_header":"","MICHUB_news_items":[],"MICHUB_heading":"","MICHUB_privacy_header":"","MICHUB_privacy_disclaimer":"","MICHUB_positions":[],"MICHUB_video":{"2658":{"ID":"2658","src":"https:\/\/www.mic-hub.com\/wp-content\/uploads\/2022\/05\/Michub_Video_8.m4v","type":"video\/mp4","title":"Michub_Video_8","caption":"","description":"","meta":{"length_formatted":"0:56"},"dimensions":{"width":1920,"height":1080},"image":{"src":"https:\/\/www.mic-hub.com\/wp-includes\/images\/media\/video.png","width":48,"height":64},"thumb":{"src":"https:\/\/www.mic-hub.com\/wp-includes\/images\/media\/video.png","width":48,"height":64}}},"MICHUB_headline":"MIC-HUB mette al centro del proprio lavoro l'attuale crisi ambientale.","MICHUB_description":"<p>La mobilit\u00e0 costituisce un elemento fondamentale per sostenere lo sviluppo economico e sociale. Per questa ragione, \u00e8 prioritario sviluppare una chiara strategia per una mobilit\u00e0 sostenibile, al fine di contrastare l'attuale crisi climatica e costruire un futuro migliore, inclusivo e a basse emissioni di CO2.<\/p>\r\n\r\n<p>Gli attuali modelli di mobilit\u00e0 ci hanno reso fortemente dipendenti dai veicoli privati, plasmando i nostri stili di vita, le nostre citt\u00e0 e incidendo negativamente sull'ambiente.<\/p>\r\n\r\n<p>In ogni progetto che sviluppiamo, ci impegniamo per realizzare sistemi di trasporto sostenibili e integrati, concentrandoci in modo particolare sulla minimizzazione dell'impatto delle infrastrutture.<\/p>\r\n\r\n<p>Aiutiamo i nostri clienti (progettisti, aziende, istituzioni, governi ed tech companies) ad intraprendere un cambiamento per andare verso un futuro migliore, progettando strategie di mobilit\u00e0 sostenibile.<\/p>\r\n\r\n<p>MIC-HUB ha inoltre avviato un processo per diventare a \"emissioni zero\". Attualmente stiamo misurando la quantit\u00e0 di CO2 prodotta nel nostro lavoro, con l'obiettivo di diventare carbon neutral.<\/p>","MICHUB_numbered_list":[],"MICHUB_visual":{"MICHUB_image":"1036","MICHUB_caption":"La mobilit\u00e0 dolce \u00e8 solo una delle strategie di mobilit\u00e0 sostenibile"},"MICHUB_cta":{"MICHUB_text":"Join"},"MICHUB_locations":[],"MICHUB_contacts":[],"MICHUB_vision":"","MICHUB_vision_detail":"","MICHUB_introduction":"","MICHUB_first_tab":"","MICHUB_show_banner":"","MICHUB_banner":"","MICHUB_clients_header":"","MICHUB_clients_description":"","MICHUB_testimonials":[]},"_links":{"self":[{"href":"https:\/\/www.mic-hub.com\/it\/wp-json\/wp\/v2\/pages\/27","targetHints":{"allow":["GET"]}}],"collection":[{"href":"https:\/\/www.mic-hub.com\/it\/wp-json\/wp\/v2\/pages"}],"about":[{"href":"https:\/\/www.mic-hub.com\/it\/wp-json\/wp\/v2\/types\/page"}],"author":[{"embeddable":true,"href":"https:\/\/www.mic-hub.com\/it\/wp-json\/wp\/v2\/users\/6"}],"replies":[{"embeddable":true,"href":"https:\/\/www.mic-hub.com\/it\/wp-json\/wp\/v2\/comments?post=27"}],"version-history":[{"count":3,"href":"https:\/\/www.mic-hub.com\/it\/wp-json\/wp\/v2\/pages\/27\/revisions"}],"predecessor-version":[{"id":4931,"href":"https:\/\/www.mic-hub.com\/it\/wp-json\/wp\/v2\/pages\/27\/revisions\/4931"}],"wp:attachment":[{"href":"https:\/\/www.mic-hub.com\/it\/wp-json\/wp\/v2\/media?parent=27"}],"curies":[{"name":"wp","href":"https:\/\/api.w.org\/{rel}","templated":true}]}}