

{"id":29,"date":"2022-02-23T21:04:39","date_gmt":"2022-02-23T21:04:39","guid":{"rendered":"https:\/\/www.mic-hub.com\/?page_id=29"},"modified":"2026-04-24T09:25:54","modified_gmt":"2026-04-24T08:25:54","slug":"home","status":"publish","type":"page","link":"https:\/\/www.mic-hub.com\/it\/","title":{"rendered":"Home"},"content":{"rendered":"","protected":false},"excerpt":{"rendered":"","protected":false},"author":6,"featured_media":0,"parent":0,"menu_order":0,"comment_status":"closed","ping_status":"closed","template":"","meta":{"footnotes":""},"class_list":["post-29","page","type-page","status-publish","hentry"],"yoast_head":"<!-- This site is optimized with the Yoast SEO plugin v18.2 - https:\/\/yoast.com\/wordpress\/plugins\/seo\/ -->\n<meta name=\"description\" content=\"Mic-hub is an international team of planners, engineers, designers and consultants, working across every aspect of mobility &amp; transportation.\" \/>\n<meta name=\"robots\" content=\"index, follow, max-snippet:-1, max-image-preview:large, max-video-preview:-1\" \/>\n<link rel=\"canonical\" href=\"https:\/\/www.mic-hub.com\/it\/\" \/>\n<meta property=\"og:locale\" content=\"it_IT\" \/>\n<meta property=\"og:type\" content=\"article\" \/>\n<meta property=\"og:title\" content=\"MIC-HUB | Mobility Planning, Infrastructure Design, City Futures\" \/>\n<meta property=\"og:description\" content=\"Mic-hub is an international team of planners, engineers, designers and consultants, working across every aspect of mobility &amp; transportation.\" \/>\n<meta property=\"og:url\" content=\"https:\/\/www.mic-hub.com\/it\/\" \/>\n<meta property=\"og:site_name\" content=\"MIC-HUB\" \/>\n<meta property=\"article:modified_time\" content=\"2026-04-24T08:25:54+00:00\" \/>\n<meta name=\"twitter:card\" content=\"summary_large_image\" \/>\n<script type=\"application\/ld+json\" class=\"yoast-schema-graph\">{\"@context\":\"https:\/\/schema.org\",\"@graph\":[{\"@type\":\"Organization\",\"@id\":\"https:\/\/www.mic-hub.com\/it\/#organization\",\"name\":\"MIC-HUB\",\"url\":\"https:\/\/www.mic-hub.com\/it\/\",\"sameAs\":[],\"logo\":{\"@type\":\"ImageObject\",\"@id\":\"https:\/\/www.mic-hub.com\/it\/#logo\",\"inLanguage\":\"it-IT\",\"url\":\"https:\/\/www.mic-hub.com\/wp-content\/uploads\/2022\/03\/mic-hub_logo_1200x628.jpg\",\"contentUrl\":\"https:\/\/www.mic-hub.com\/wp-content\/uploads\/2022\/03\/mic-hub_logo_1200x628.jpg\",\"width\":1200,\"height\":628,\"caption\":\"MIC-HUB\"},\"image\":{\"@id\":\"https:\/\/www.mic-hub.com\/it\/#logo\"}},{\"@type\":\"WebSite\",\"@id\":\"https:\/\/www.mic-hub.com\/it\/#website\",\"url\":\"https:\/\/www.mic-hub.com\/it\/\",\"name\":\"MIC-HUB\",\"description\":\"Mobility Planning, Infrastructure Design, City Futures\",\"publisher\":{\"@id\":\"https:\/\/www.mic-hub.com\/it\/#organization\"},\"potentialAction\":[{\"@type\":\"SearchAction\",\"target\":{\"@type\":\"EntryPoint\",\"urlTemplate\":\"https:\/\/www.mic-hub.com\/it\/?s={search_term_string}\"},\"query-input\":\"required name=search_term_string\"}],\"inLanguage\":\"it-IT\"},{\"@type\":\"WebPage\",\"@id\":\"https:\/\/www.mic-hub.com\/it\/#webpage\",\"url\":\"https:\/\/www.mic-hub.com\/it\/\",\"name\":\"MIC-HUB | Mobility Planning, Infrastructure Design, City Futures\",\"isPartOf\":{\"@id\":\"https:\/\/www.mic-hub.com\/it\/#website\"},\"datePublished\":\"2022-02-23T21:04:39+00:00\",\"dateModified\":\"2026-04-24T08:25:54+00:00\",\"description\":\"Mic-hub is an international team of planners, engineers, designers and consultants, working across every aspect of mobility & transportation.\",\"breadcrumb\":{\"@id\":\"https:\/\/www.mic-hub.com\/it\/#breadcrumb\"},\"inLanguage\":\"it-IT\",\"potentialAction\":[{\"@type\":\"ReadAction\",\"target\":[[\"https:\/\/www.mic-hub.com\/it\/\"]]}]},{\"@type\":\"BreadcrumbList\",\"@id\":\"https:\/\/www.mic-hub.com\/it\/#breadcrumb\",\"itemListElement\":[{\"@type\":\"ListItem\",\"position\":1,\"name\":\"Home\"}]}]}<\/script>\n<!-- \/ Yoast SEO plugin. -->","yoast_head_json":{"description":"Mic-hub is an international team of planners, engineers, designers and consultants, working across every aspect of mobility & transportation.","robots":{"index":"index","follow":"follow","max-snippet":"max-snippet:-1","max-image-preview":"max-image-preview:large","max-video-preview":"max-video-preview:-1"},"canonical":"https:\/\/www.mic-hub.com\/it\/","og_locale":"it_IT","og_type":"article","og_title":"MIC-HUB | Mobility Planning, Infrastructure Design, City Futures","og_description":"Mic-hub is an international team of planners, engineers, designers and consultants, working across every aspect of mobility & transportation.","og_url":"https:\/\/www.mic-hub.com\/it\/","og_site_name":"MIC-HUB","article_modified_time":"2026-04-24T08:25:54+00:00","twitter_card":"summary_large_image","schema":{"@context":"https:\/\/schema.org","@graph":[{"@type":"Organization","@id":"https:\/\/www.mic-hub.com\/it\/#organization","name":"MIC-HUB","url":"https:\/\/www.mic-hub.com\/it\/","sameAs":[],"logo":{"@type":"ImageObject","@id":"https:\/\/www.mic-hub.com\/it\/#logo","inLanguage":"it-IT","url":"https:\/\/www.mic-hub.com\/wp-content\/uploads\/2022\/03\/mic-hub_logo_1200x628.jpg","contentUrl":"https:\/\/www.mic-hub.com\/wp-content\/uploads\/2022\/03\/mic-hub_logo_1200x628.jpg","width":1200,"height":628,"caption":"MIC-HUB"},"image":{"@id":"https:\/\/www.mic-hub.com\/it\/#logo"}},{"@type":"WebSite","@id":"https:\/\/www.mic-hub.com\/it\/#website","url":"https:\/\/www.mic-hub.com\/it\/","name":"MIC-HUB","description":"Mobility Planning, Infrastructure Design, City Futures","publisher":{"@id":"https:\/\/www.mic-hub.com\/it\/#organization"},"potentialAction":[{"@type":"SearchAction","target":{"@type":"EntryPoint","urlTemplate":"https:\/\/www.mic-hub.com\/it\/?s={search_term_string}"},"query-input":"required name=search_term_string"}],"inLanguage":"it-IT"},{"@type":"WebPage","@id":"https:\/\/www.mic-hub.com\/it\/#webpage","url":"https:\/\/www.mic-hub.com\/it\/","name":"MIC-HUB | Mobility Planning, Infrastructure Design, City Futures","isPartOf":{"@id":"https:\/\/www.mic-hub.com\/it\/#website"},"datePublished":"2022-02-23T21:04:39+00:00","dateModified":"2026-04-24T08:25:54+00:00","description":"Mic-hub is an international team of planners, engineers, designers and consultants, working across every aspect of mobility & transportation.","breadcrumb":{"@id":"https:\/\/www.mic-hub.com\/it\/#breadcrumb"},"inLanguage":"it-IT","potentialAction":[{"@type":"ReadAction","target":[["https:\/\/www.mic-hub.com\/it\/"]]}]},{"@type":"BreadcrumbList","@id":"https:\/\/www.mic-hub.com\/it\/#breadcrumb","itemListElement":[{"@type":"ListItem","position":1,"name":"Home"}]}]}},"meta_box":{"MICHUB_is_hero_image":"0","MICHUB_hero_image":false,"MICHUB_hero_video":{"4929":{"ID":"4929","src":"https:\/\/www.mic-hub.com\/wp-content\/uploads\/2025\/06\/2025_video_intro-versione-web.mp4","type":"video\/mp4","title":"2025_video_intro-versione web","caption":"","description":"","meta":{"length_formatted":"0:49"},"dimensions":{"width":1920,"height":1080},"image":{"src":"https:\/\/www.mic-hub.com\/wp-includes\/images\/media\/video.png","width":48,"height":64},"thumb":{"src":"https:\/\/www.mic-hub.com\/wp-includes\/images\/media\/video.png","width":48,"height":64}}},"MICHUB_hero_caption":"","MICHUB_introduction_claim":"Accessing places, regenerating the planet","MICHUB_introduction_description":"<p>MIC-HUB \u00e8 una societ\u00e0 di consulenza specializzata in pianificazione della mobilit\u00e0, infrastructure design e strategie di accessibilit\u00e0, che opera all\u2019intersezione tra mobilit\u00e0, design e tecnologia, con l\u2019obiettivo di rispondere alla crisi climatica e alla crescente complessit\u00e0 dei sistemi urbani.<\/p>\r\n\r\n&nbsp;\r\n\r\n<p>MIC-HUB fornisce servizi di consulenza in mobilit\u00e0 e trasporti per amministrazioni pubbliche, societ\u00e0 di ingegneria, architetti, sviluppatori e aziende tecnologiche, supportandoli nella definizione e nell\u2019implementazione di strategie di mobilit\u00e0 sostenibile e inclusiva in contesti urbani e regionali, dalla pianificazione strategica della mobilit\u00e0 alla progettazione di dettaglio di strade e infrastrutture di trasporto.<\/p>\r\n\r\n&nbsp;\r\n\r\n<p>L\u2019approccio di MIC-HUB integra analisi dei dati, Big Data e strumenti digitali con competenze progettuali e di pianificazione, a supporto di processi decisionali basati su evidenze e obiettivi misurabili.<\/p>\r\n\r\n&nbsp;\r\n\r\n<p>Nel tempo abbiamo sviluppato competenze che spaziano dagli studi strategici e preliminari sulla mobilit\u00e0 alla progettazione di infrastrutture e sistemi di trasporto, con una costante attenzione all\u2019impatto ambientale, alla qualit\u00e0 urbana e all\u2019inclusione sociale.<\/p>\r\n\r\n&nbsp;\r\n\r\n<p>Attraverso soluzioni innovative e data-driven, MIC-HUB contribuisce a definire i sistemi di mobilit\u00e0 del futuro, promuovendo citt\u00e0 pi\u00f9 accessibili, inclusive e sostenibili.<\/p>","MICHUB_kpi":[{"MICHUB_indicator":"50+ Paesi"},{"MICHUB_indicator":"5 Continenti"},{"MICHUB_indicator":"500+ Progetti"},{"MICHUB_indicator":"150+ Clienti"},{"MICHUB_indicator":"90+ Collaboratori"}],"MICHUB_categories_showcase_v2":[{"MICHUB_category":"8","MICHUB_showcase_items":[{"MICHUB_post_number":"4","MICHUB_items":[{"MICHUB_post":"4606"},{"MICHUB_post":"4478"},{"MICHUB_post":"4269"},{"MICHUB_post":"4945"}]}],"MICHUB_caption":"See more"},{"MICHUB_category":"53","MICHUB_showcase_items":[{"MICHUB_post_number":"4","MICHUB_items":[{"MICHUB_post":"4991"},{"MICHUB_post":"559"},{"MICHUB_post":"2406"},{"MICHUB_post":"554"}]}]},{"MICHUB_category":"52","MICHUB_showcase_items":[{"MICHUB_post_number":"4","MICHUB_items":[{"MICHUB_post":"52"},{"MICHUB_post":"543"},{"MICHUB_post":"2833"},{"MICHUB_post":"5388"}]}]},{"MICHUB_category":"35","MICHUB_showcase_items":[{"MICHUB_post_number":"4","MICHUB_items":[{"MICHUB_post":"5523"},{"MICHUB_post":"522"},{"MICHUB_post":"573"},{"MICHUB_post":"103"}]}]},{"MICHUB_category":"9","MICHUB_showcase_items":[{"MICHUB_post_number":"4","MICHUB_items":[{"MICHUB_post":"582"},{"MICHUB_post":"4211"},{"MICHUB_post":"3908"},{"MICHUB_post":"579"}]}],"MICHUB_caption":"See more"},{"MICHUB_category":"6","MICHUB_showcase_items":[{"MICHUB_post_number":"2"},{"MICHUB_post_number":"4","MICHUB_items":[{"MICHUB_post":"4356"},{"MICHUB_post":"2282"},{"MICHUB_post":"3762"},{"MICHUB_post":"4571"}]}],"MICHUB_caption":"See more"}],"MICHUB_news_highlight":"Ultime news","MICHUB_news_header":"Scopri le ultime notizie e attivit\u00e0 di MIC-HUB","MICHUB_news_items":["5691","5664","5650","5638"],"MICHUB_heading":"","MICHUB_privacy_header":"","MICHUB_privacy_disclaimer":"","MICHUB_positions":[],"MICHUB_video":[],"MICHUB_headline":"","MICHUB_description":"","MICHUB_numbered_list":[],"MICHUB_visual":"","MICHUB_cta":"","MICHUB_locations":[],"MICHUB_contacts":[],"MICHUB_vision":"","MICHUB_vision_detail":"","MICHUB_introduction":"","MICHUB_first_tab":"","MICHUB_show_banner":"","MICHUB_banner":"","MICHUB_clients_header":"","MICHUB_clients_description":"","MICHUB_testimonials":[]},"_links":{"self":[{"href":"https:\/\/www.mic-hub.com\/it\/wp-json\/wp\/v2\/pages\/29","targetHints":{"allow":["GET"]}}],"collection":[{"href":"https:\/\/www.mic-hub.com\/it\/wp-json\/wp\/v2\/pages"}],"about":[{"href":"https:\/\/www.mic-hub.com\/it\/wp-json\/wp\/v2\/types\/page"}],"author":[{"embeddable":true,"href":"https:\/\/www.mic-hub.com\/it\/wp-json\/wp\/v2\/users\/6"}],"replies":[{"embeddable":true,"href":"https:\/\/www.mic-hub.com\/it\/wp-json\/wp\/v2\/comments?post=29"}],"version-history":[{"count":3,"href":"https:\/\/www.mic-hub.com\/it\/wp-json\/wp\/v2\/pages\/29\/revisions"}],"predecessor-version":[{"id":5694,"href":"https:\/\/www.mic-hub.com\/it\/wp-json\/wp\/v2\/pages\/29\/revisions\/5694"}],"wp:attachment":[{"href":"https:\/\/www.mic-hub.com\/it\/wp-json\/wp\/v2\/media?parent=29"}],"curies":[{"name":"wp","href":"https:\/\/api.w.org\/{rel}","templated":true}]}}