

{"id":34,"date":"2022-02-23T23:04:30","date_gmt":"2022-02-23T23:04:30","guid":{"rendered":"https:\/\/www.mic-hub.com\/?page_id=34"},"modified":"2026-01-15T15:24:42","modified_gmt":"2026-01-15T14:24:42","slug":"about","status":"publish","type":"page","link":"https:\/\/www.mic-hub.com\/it\/about\/","title":{"rendered":"Our People"},"content":{"rendered":"","protected":false},"excerpt":{"rendered":"","protected":false},"author":6,"featured_media":0,"parent":0,"menu_order":0,"comment_status":"closed","ping_status":"closed","template":"our_people.php","meta":{"footnotes":""},"class_list":["post-34","page","type-page","status-publish","hentry"],"yoast_head":"<!-- This site is optimized with the Yoast SEO plugin v18.2 - https:\/\/yoast.com\/wordpress\/plugins\/seo\/ -->\n<meta name=\"description\" content=\"Founded in Milano, mic-hub is an international transport-planning firm with offices also in Moscow and New York. Meet our people.\" \/>\n<meta name=\"robots\" content=\"index, follow, max-snippet:-1, max-image-preview:large, max-video-preview:-1\" \/>\n<link rel=\"canonical\" href=\"https:\/\/www.mic-hub.com\/it\/about\/\" \/>\n<meta property=\"og:locale\" content=\"it_IT\" \/>\n<meta property=\"og:type\" content=\"article\" \/>\n<meta property=\"og:title\" content=\"Transportation Planners - Our People | MIC-HUB\" \/>\n<meta property=\"og:description\" content=\"Founded in Milano, mic-hub is an international transport-planning firm with offices also in Moscow and New York. Meet our people.\" \/>\n<meta property=\"og:url\" content=\"https:\/\/www.mic-hub.com\/it\/about\/\" \/>\n<meta property=\"og:site_name\" content=\"MIC-HUB\" \/>\n<meta property=\"article:modified_time\" content=\"2026-01-15T14:24:42+00:00\" \/>\n<meta name=\"twitter:card\" content=\"summary_large_image\" \/>\n<script type=\"application\/ld+json\" class=\"yoast-schema-graph\">{\"@context\":\"https:\/\/schema.org\",\"@graph\":[{\"@type\":\"Organization\",\"@id\":\"https:\/\/www.mic-hub.com\/it\/#organization\",\"name\":\"MIC-HUB\",\"url\":\"https:\/\/www.mic-hub.com\/it\/\",\"sameAs\":[],\"logo\":{\"@type\":\"ImageObject\",\"@id\":\"https:\/\/www.mic-hub.com\/it\/#logo\",\"inLanguage\":\"it-IT\",\"url\":\"https:\/\/www.mic-hub.com\/wp-content\/uploads\/2022\/03\/mic-hub_logo_1200x628.jpg\",\"contentUrl\":\"https:\/\/www.mic-hub.com\/wp-content\/uploads\/2022\/03\/mic-hub_logo_1200x628.jpg\",\"width\":1200,\"height\":628,\"caption\":\"MIC-HUB\"},\"image\":{\"@id\":\"https:\/\/www.mic-hub.com\/it\/#logo\"}},{\"@type\":\"WebSite\",\"@id\":\"https:\/\/www.mic-hub.com\/it\/#website\",\"url\":\"https:\/\/www.mic-hub.com\/it\/\",\"name\":\"MIC-HUB\",\"description\":\"Mobility Planning, Infrastructure Design, City Futures\",\"publisher\":{\"@id\":\"https:\/\/www.mic-hub.com\/it\/#organization\"},\"potentialAction\":[{\"@type\":\"SearchAction\",\"target\":{\"@type\":\"EntryPoint\",\"urlTemplate\":\"https:\/\/www.mic-hub.com\/it\/?s={search_term_string}\"},\"query-input\":\"required name=search_term_string\"}],\"inLanguage\":\"it-IT\"},{\"@type\":\"WebPage\",\"@id\":\"https:\/\/www.mic-hub.com\/it\/about\/#webpage\",\"url\":\"https:\/\/www.mic-hub.com\/it\/about\/\",\"name\":\"Transportation Planners - Our People | MIC-HUB\",\"isPartOf\":{\"@id\":\"https:\/\/www.mic-hub.com\/it\/#website\"},\"datePublished\":\"2022-02-23T23:04:30+00:00\",\"dateModified\":\"2026-01-15T14:24:42+00:00\",\"description\":\"Founded in Milano, mic-hub is an international transport-planning firm with offices also in Moscow and New York. Meet our people.\",\"breadcrumb\":{\"@id\":\"https:\/\/www.mic-hub.com\/it\/about\/#breadcrumb\"},\"inLanguage\":\"it-IT\",\"potentialAction\":[{\"@type\":\"ReadAction\",\"target\":[[\"https:\/\/www.mic-hub.com\/it\/about\/\"]]}]},{\"@type\":\"BreadcrumbList\",\"@id\":\"https:\/\/www.mic-hub.com\/it\/about\/#breadcrumb\",\"itemListElement\":[{\"@type\":\"ListItem\",\"position\":1,\"name\":\"Our People\"}]}]}<\/script>\n<!-- \/ Yoast SEO plugin. -->","yoast_head_json":{"description":"Founded in Milano, mic-hub is an international transport-planning firm with offices also in Moscow and New York. Meet our people.","robots":{"index":"index","follow":"follow","max-snippet":"max-snippet:-1","max-image-preview":"max-image-preview:large","max-video-preview":"max-video-preview:-1"},"canonical":"https:\/\/www.mic-hub.com\/it\/about\/","og_locale":"it_IT","og_type":"article","og_title":"Transportation Planners - Our People | MIC-HUB","og_description":"Founded in Milano, mic-hub is an international transport-planning firm with offices also in Moscow and New York. Meet our people.","og_url":"https:\/\/www.mic-hub.com\/it\/about\/","og_site_name":"MIC-HUB","article_modified_time":"2026-01-15T14:24:42+00:00","twitter_card":"summary_large_image","schema":{"@context":"https:\/\/schema.org","@graph":[{"@type":"Organization","@id":"https:\/\/www.mic-hub.com\/it\/#organization","name":"MIC-HUB","url":"https:\/\/www.mic-hub.com\/it\/","sameAs":[],"logo":{"@type":"ImageObject","@id":"https:\/\/www.mic-hub.com\/it\/#logo","inLanguage":"it-IT","url":"https:\/\/www.mic-hub.com\/wp-content\/uploads\/2022\/03\/mic-hub_logo_1200x628.jpg","contentUrl":"https:\/\/www.mic-hub.com\/wp-content\/uploads\/2022\/03\/mic-hub_logo_1200x628.jpg","width":1200,"height":628,"caption":"MIC-HUB"},"image":{"@id":"https:\/\/www.mic-hub.com\/it\/#logo"}},{"@type":"WebSite","@id":"https:\/\/www.mic-hub.com\/it\/#website","url":"https:\/\/www.mic-hub.com\/it\/","name":"MIC-HUB","description":"Mobility Planning, Infrastructure Design, City Futures","publisher":{"@id":"https:\/\/www.mic-hub.com\/it\/#organization"},"potentialAction":[{"@type":"SearchAction","target":{"@type":"EntryPoint","urlTemplate":"https:\/\/www.mic-hub.com\/it\/?s={search_term_string}"},"query-input":"required name=search_term_string"}],"inLanguage":"it-IT"},{"@type":"WebPage","@id":"https:\/\/www.mic-hub.com\/it\/about\/#webpage","url":"https:\/\/www.mic-hub.com\/it\/about\/","name":"Transportation Planners - Our People | MIC-HUB","isPartOf":{"@id":"https:\/\/www.mic-hub.com\/it\/#website"},"datePublished":"2022-02-23T23:04:30+00:00","dateModified":"2026-01-15T14:24:42+00:00","description":"Founded in Milano, mic-hub is an international transport-planning firm with offices also in Moscow and New York. Meet our people.","breadcrumb":{"@id":"https:\/\/www.mic-hub.com\/it\/about\/#breadcrumb"},"inLanguage":"it-IT","potentialAction":[{"@type":"ReadAction","target":[["https:\/\/www.mic-hub.com\/it\/about\/"]]}]},{"@type":"BreadcrumbList","@id":"https:\/\/www.mic-hub.com\/it\/about\/#breadcrumb","itemListElement":[{"@type":"ListItem","position":1,"name":"Our People"}]}]}},"meta_box":{"MICHUB_is_hero_image":"","MICHUB_hero_image":false,"MICHUB_hero_video":[],"MICHUB_hero_caption":"","MICHUB_introduction_claim":"","MICHUB_introduction_description":"","MICHUB_kpi":[],"MICHUB_categories_showcase_v2":[],"MICHUB_news_highlight":"","MICHUB_news_header":"","MICHUB_news_items":[],"MICHUB_heading":"","MICHUB_privacy_header":"","MICHUB_privacy_disclaimer":"","MICHUB_positions":[],"MICHUB_video":[],"MICHUB_headline":"About Us","MICHUB_description":"","MICHUB_numbered_list":[],"MICHUB_visual":{"MICHUB_is_video":"1","MICHUB_video":["2663"],"MICHUB_image":"2257"},"MICHUB_cta":"","MICHUB_locations":[],"MICHUB_contacts":[],"MICHUB_vision":"Mission & Vision","MICHUB_vision_detail":"<p>MIC-HUB \u00e8 una societ\u00e0 internazionale composta da ingegneri, architetti, progettisti e consulenti, che opera su ogni aspetto della mobilit\u00e0 e dei trasporti. Lavoriamo in team multidisciplinari con i nostri clienti per formulare risposte progettuali innovative e sostenibili, mirate a migliorare la qualit\u00e0 di vita delle persone, responsabilizzare le comunit\u00e0 e preservare l\u2019ambiente che ci circonda. Conosciuta internazionalmente per la qualit\u00e0 dei contributi, MIC-HUB unisce competenze applicabili in campo strategico, analitico e progettuale su diverse scale e complessit\u00e0.<\/p>\r\n<br><br>\r\n<p>All\u2019intersezione fra mobilit\u00e0, design e tecnologia, siamo impegnati in progetti e strategie per creare dei cambiamenti positivi e muoverci verso un mondo pi\u00f9 sostenibile e inclusivo, dove la mobilit\u00e0 possa essere sempre equa, efficiente, sicura e sensibile al clima. Siamo guidati da una instancabile curiosit\u00e0 per un mondo pi\u00f9 sostenibile: connettere i luoghi, impegnandoci per la rigenerazione del pianeta.<\/p>","MICHUB_introduction":"Fondata a Milano, MIC-HUB \u00e8 una societ\u00e0 internazionale di pianificazione dei trasporti.\r\n\r\n<br><br>\r\n\r\nIl Team di MIC-HUB \u00e8 composto da pianificatori della mobilit\u00e0, ingegneri e ricercatori che trasformano gli spazi per dare forma a un futuro pi\u00f9 equo, efficiente, sicuro e sostenibile.","MICHUB_first_tab":"90+ People","MICHUB_show_banner":"1","MICHUB_banner":{"MICHUB_headline":"Vuoi unirti al nostro team?","MICHUB_link":"126"},"MICHUB_clients_header":"Clienti","MICHUB_clients_description":"Aiutiamo i nostri clienti a risolvere le sfide pi\u00f9 complesse e ambiziose, trasformando idee e obiettivi in realt\u00e0. Ogni progetto, in ogni parte del mondo, si basa su una trasformazione sostenibile a livello globale.","MICHUB_testimonials":[{"MICHUB_name":"Alexey Mityaev","MICHUB_position":"Deputy Head, Dipartimento dei trasporti di Mosca","MICHUB_quote":"\u201cMIC-HUB \u00e8 un team molto creativo di professionisti di livello mondiale, capace di lavorare a progetti molto complessi e di grandi dimensioni in diversi ambiti, tra i quali la riconfigurazione delle citt\u00e0 e delle sue strade.\u201d"},{"MICHUB_name":"Larissa Braun","MICHUB_position":"Founding Partner, AUDI AG","MICHUB_quote":"\u201cDurante la nostra collaborazione per l'Audi Urban Future Initiative, abbiamo fatto affidamento sulla vasta esperienza di MIC-HUB in materia di trasporti e pianificazione urbana. Per cambiare il modo in cui le citt\u00e0 e i cittadini sono mobili senza soluzione di continuit\u00e0, c'\u00e8 bisogno di persone visionarie per creare un futuro sostenibile. Questo \u00e8 stato il motivo per cui abbiamo lavorato con MIC-HUB per impegnarci in un dialogo interdisciplinare su un futuro mobile e sostenibile per le citt\u00e0.\u201d"},{"MICHUB_name":"Carlo Ratti","MICHUB_position":"Founding Partner, Carlo Ratti Associati","MICHUB_quote":"\u201cAbbiamo lavorato con MIC-HUB a molti progetti e in molti paesi. Apprezziamo il loro approccio innovativo alla mobilit\u00e0 - che \u00e8 il complemento perfetto a ci\u00f2 che cerchiamo di ottenere a livello di progettazione urbana.\u201d"}]},"_links":{"self":[{"href":"https:\/\/www.mic-hub.com\/it\/wp-json\/wp\/v2\/pages\/34","targetHints":{"allow":["GET"]}}],"collection":[{"href":"https:\/\/www.mic-hub.com\/it\/wp-json\/wp\/v2\/pages"}],"about":[{"href":"https:\/\/www.mic-hub.com\/it\/wp-json\/wp\/v2\/types\/page"}],"author":[{"embeddable":true,"href":"https:\/\/www.mic-hub.com\/it\/wp-json\/wp\/v2\/users\/6"}],"replies":[{"embeddable":true,"href":"https:\/\/www.mic-hub.com\/it\/wp-json\/wp\/v2\/comments?post=34"}],"version-history":[{"count":6,"href":"https:\/\/www.mic-hub.com\/it\/wp-json\/wp\/v2\/pages\/34\/revisions"}],"predecessor-version":[{"id":5432,"href":"https:\/\/www.mic-hub.com\/it\/wp-json\/wp\/v2\/pages\/34\/revisions\/5432"}],"wp:attachment":[{"href":"https:\/\/www.mic-hub.com\/it\/wp-json\/wp\/v2\/media?parent=34"}],"curies":[{"name":"wp","href":"https:\/\/api.w.org\/{rel}","templated":true}]}}