

{"id":4157,"date":"2024-05-16T09:16:14","date_gmt":"2024-05-16T08:16:14","guid":{"rendered":"https:\/\/www.mic-hub.com\/?page_id=4157"},"modified":"2025-12-23T14:31:29","modified_gmt":"2025-12-23T13:31:29","slug":"mobilita-in-citta","status":"publish","type":"page","link":"https:\/\/www.mic-hub.com\/it\/mobilita-in-citta\/","title":{"rendered":"Fondazione Mobilit\u00e0 in citt\u00e0"},"content":{"rendered":"","protected":false},"excerpt":{"rendered":"","protected":false},"author":8,"featured_media":0,"parent":0,"menu_order":0,"comment_status":"closed","ping_status":"closed","template":"mobilita_in_citta.php","meta":{"footnotes":""},"class_list":["post-4157","page","type-page","status-publish","hentry"],"yoast_head":"<!-- This site is optimized with the Yoast SEO plugin v18.2 - https:\/\/yoast.com\/wordpress\/plugins\/seo\/ -->\n<meta name=\"robots\" content=\"index, follow, max-snippet:-1, max-image-preview:large, max-video-preview:-1\" \/>\n<link rel=\"canonical\" href=\"https:\/\/www.mic-hub.com\/it\/mobilita-in-citta\/\" \/>\n<meta property=\"og:locale\" content=\"it_IT\" \/>\n<meta property=\"og:type\" content=\"article\" \/>\n<meta property=\"og:title\" content=\"Fondazione Mobilit\u00e0 in citt\u00e0 | MIC-HUB\" \/>\n<meta property=\"og:url\" content=\"https:\/\/www.mic-hub.com\/it\/mobilita-in-citta\/\" \/>\n<meta property=\"og:site_name\" content=\"MIC-HUB\" \/>\n<meta property=\"article:modified_time\" content=\"2025-12-23T13:31:29+00:00\" \/>\n<meta name=\"twitter:card\" content=\"summary_large_image\" \/>\n<script type=\"application\/ld+json\" class=\"yoast-schema-graph\">{\"@context\":\"https:\/\/schema.org\",\"@graph\":[{\"@type\":\"Organization\",\"@id\":\"https:\/\/www.mic-hub.com\/it\/#organization\",\"name\":\"MIC-HUB\",\"url\":\"https:\/\/www.mic-hub.com\/it\/\",\"sameAs\":[],\"logo\":{\"@type\":\"ImageObject\",\"@id\":\"https:\/\/www.mic-hub.com\/it\/#logo\",\"inLanguage\":\"it-IT\",\"url\":\"https:\/\/www.mic-hub.com\/wp-content\/uploads\/2022\/03\/mic-hub_logo_1200x628.jpg\",\"contentUrl\":\"https:\/\/www.mic-hub.com\/wp-content\/uploads\/2022\/03\/mic-hub_logo_1200x628.jpg\",\"width\":1200,\"height\":628,\"caption\":\"MIC-HUB\"},\"image\":{\"@id\":\"https:\/\/www.mic-hub.com\/it\/#logo\"}},{\"@type\":\"WebSite\",\"@id\":\"https:\/\/www.mic-hub.com\/it\/#website\",\"url\":\"https:\/\/www.mic-hub.com\/it\/\",\"name\":\"MIC-HUB\",\"description\":\"Mobility Planning, Infrastructure Design, City Futures\",\"publisher\":{\"@id\":\"https:\/\/www.mic-hub.com\/it\/#organization\"},\"potentialAction\":[{\"@type\":\"SearchAction\",\"target\":{\"@type\":\"EntryPoint\",\"urlTemplate\":\"https:\/\/www.mic-hub.com\/it\/?s={search_term_string}\"},\"query-input\":\"required name=search_term_string\"}],\"inLanguage\":\"it-IT\"},{\"@type\":\"WebPage\",\"@id\":\"https:\/\/www.mic-hub.com\/it\/mobilita-in-citta\/#webpage\",\"url\":\"https:\/\/www.mic-hub.com\/it\/mobilita-in-citta\/\",\"name\":\"Fondazione Mobilit\u00e0 in citt\u00e0 | MIC-HUB\",\"isPartOf\":{\"@id\":\"https:\/\/www.mic-hub.com\/it\/#website\"},\"datePublished\":\"2024-05-16T08:16:14+00:00\",\"dateModified\":\"2025-12-23T13:31:29+00:00\",\"breadcrumb\":{\"@id\":\"https:\/\/www.mic-hub.com\/it\/mobilita-in-citta\/#breadcrumb\"},\"inLanguage\":\"it-IT\",\"potentialAction\":[{\"@type\":\"ReadAction\",\"target\":[[\"https:\/\/www.mic-hub.com\/it\/mobilita-in-citta\/\"]]}]},{\"@type\":\"BreadcrumbList\",\"@id\":\"https:\/\/www.mic-hub.com\/it\/mobilita-in-citta\/#breadcrumb\",\"itemListElement\":[{\"@type\":\"ListItem\",\"position\":1,\"name\":\"Mobilit\u00e0 in citt\u00e0 foundation\"}]}]}<\/script>\n<!-- \/ Yoast SEO plugin. -->","yoast_head_json":{"robots":{"index":"index","follow":"follow","max-snippet":"max-snippet:-1","max-image-preview":"max-image-preview:large","max-video-preview":"max-video-preview:-1"},"canonical":"https:\/\/www.mic-hub.com\/it\/mobilita-in-citta\/","og_locale":"it_IT","og_type":"article","og_title":"Fondazione Mobilit\u00e0 in citt\u00e0 | MIC-HUB","og_url":"https:\/\/www.mic-hub.com\/it\/mobilita-in-citta\/","og_site_name":"MIC-HUB","article_modified_time":"2025-12-23T13:31:29+00:00","twitter_card":"summary_large_image","schema":{"@context":"https:\/\/schema.org","@graph":[{"@type":"Organization","@id":"https:\/\/www.mic-hub.com\/it\/#organization","name":"MIC-HUB","url":"https:\/\/www.mic-hub.com\/it\/","sameAs":[],"logo":{"@type":"ImageObject","@id":"https:\/\/www.mic-hub.com\/it\/#logo","inLanguage":"it-IT","url":"https:\/\/www.mic-hub.com\/wp-content\/uploads\/2022\/03\/mic-hub_logo_1200x628.jpg","contentUrl":"https:\/\/www.mic-hub.com\/wp-content\/uploads\/2022\/03\/mic-hub_logo_1200x628.jpg","width":1200,"height":628,"caption":"MIC-HUB"},"image":{"@id":"https:\/\/www.mic-hub.com\/it\/#logo"}},{"@type":"WebSite","@id":"https:\/\/www.mic-hub.com\/it\/#website","url":"https:\/\/www.mic-hub.com\/it\/","name":"MIC-HUB","description":"Mobility Planning, Infrastructure Design, City Futures","publisher":{"@id":"https:\/\/www.mic-hub.com\/it\/#organization"},"potentialAction":[{"@type":"SearchAction","target":{"@type":"EntryPoint","urlTemplate":"https:\/\/www.mic-hub.com\/it\/?s={search_term_string}"},"query-input":"required name=search_term_string"}],"inLanguage":"it-IT"},{"@type":"WebPage","@id":"https:\/\/www.mic-hub.com\/it\/mobilita-in-citta\/#webpage","url":"https:\/\/www.mic-hub.com\/it\/mobilita-in-citta\/","name":"Fondazione Mobilit\u00e0 in citt\u00e0 | MIC-HUB","isPartOf":{"@id":"https:\/\/www.mic-hub.com\/it\/#website"},"datePublished":"2024-05-16T08:16:14+00:00","dateModified":"2025-12-23T13:31:29+00:00","breadcrumb":{"@id":"https:\/\/www.mic-hub.com\/it\/mobilita-in-citta\/#breadcrumb"},"inLanguage":"it-IT","potentialAction":[{"@type":"ReadAction","target":[["https:\/\/www.mic-hub.com\/it\/mobilita-in-citta\/"]]}]},{"@type":"BreadcrumbList","@id":"https:\/\/www.mic-hub.com\/it\/mobilita-in-citta\/#breadcrumb","itemListElement":[{"@type":"ListItem","position":1,"name":"Mobilit\u00e0 in citt\u00e0 foundation"}]}]}},"meta_box":{"MICHUB_is_hero_image":"","MICHUB_hero_image":false,"MICHUB_hero_video":[],"MICHUB_hero_caption":"","MICHUB_introduction_claim":"","MICHUB_introduction_description":"","MICHUB_kpi":[],"MICHUB_categories_showcase_v2":[],"MICHUB_news_highlight":"","MICHUB_news_header":"","MICHUB_news_items":[],"MICHUB_heading":"","MICHUB_privacy_header":"","MICHUB_privacy_disclaimer":"","MICHUB_positions":[],"MICHUB_video":[],"MICHUB_headline":"","MICHUB_description":"<p>Crediamo che progettare spazi pubblici sicuri e accessibili per tutte e tutti abbia un impatto profondo sulla qualit\u00e0 della vita quotidiana. Ogni scelta contribuisce a costruire comunit\u00e0 pi\u00f9 unite, una cultura della mobilit\u00e0 condivisa e un forte senso di appartenenza ai luoghi che viviamo.<\/p>\r\n\r\n<p>Mobilit\u00e0 in citt\u00e0 \u00e8 la fondazione no-profit creata da MIC-HUB, una societ\u00e0 di professionisti e attivisti della mobilit\u00e0 urbana.<\/p>\r\n\r\n<p>La fondazione ha come obiettivo quello di diffondere una cultura della mobilit\u00e0 legata a principi di qualit\u00e0 e accessibilit\u00e0 dello spazio pubblico, dove la sicurezza e l\u2019accessibilit\u00e0 per tutte le persone siano priorit\u00e0 condivise.<\/p>\r\n\r\n<p>Mobilit\u00e0 in citt\u00e0 agisce attraverso la promozione di attivit\u00e0 di partecipazione, di formazione, di divulgazioni e di ricerca sul campo, per sensibilizzare cittadini e professionisti su tematiche legate al Design for All e alla sicurezza stradale.<\/p>\r\n\r\n<p>Mobilit\u00e0 in citt\u00e0 crede che la consapevolezza collettiva e diffusa, tra progettisti e le persone, possa contribuire a costruire mobilit\u00e0, citt\u00e0 e comunit\u00e0 migliori.<\/p>\r\n\r\n<p>La fondazione mobilit\u00e0 in citt\u00e0, persegue, senza scopo di lucro, finalit\u00e0 civiche, solidaristiche e di utilit\u00e0 sociale e si pone quali finalit\u00e0 istituzionali la promozione di attivit\u00e0 di partecipazione, di formazione, di divulgazione e di sensibilizzazione su temi legati alla mobilit\u00e0 anche quali mezzi per il miglioramento della qualit\u00e0 della vita e della coesione sociale.<\/p>","MICHUB_numbered_list":[],"MICHUB_visual":{"MICHUB_image_it":"4568","MICHUB_image_en":"4569"},"MICHUB_cta":{"MICHUB_text":"Visita il sito web di mobilit\u00e0 in citt\u00e0","MICHUB_link":"https:\/\/mobilitaincitta.org\/"},"MICHUB_locations":[],"MICHUB_contacts":[],"MICHUB_vision":"","MICHUB_vision_detail":"","MICHUB_introduction":"","MICHUB_first_tab":"","MICHUB_show_banner":"","MICHUB_banner":"","MICHUB_clients_header":"","MICHUB_clients_description":"","MICHUB_testimonials":[]},"_links":{"self":[{"href":"https:\/\/www.mic-hub.com\/it\/wp-json\/wp\/v2\/pages\/4157","targetHints":{"allow":["GET"]}}],"collection":[{"href":"https:\/\/www.mic-hub.com\/it\/wp-json\/wp\/v2\/pages"}],"about":[{"href":"https:\/\/www.mic-hub.com\/it\/wp-json\/wp\/v2\/types\/page"}],"author":[{"embeddable":true,"href":"https:\/\/www.mic-hub.com\/it\/wp-json\/wp\/v2\/users\/8"}],"replies":[{"embeddable":true,"href":"https:\/\/www.mic-hub.com\/it\/wp-json\/wp\/v2\/comments?post=4157"}],"version-history":[{"count":4,"href":"https:\/\/www.mic-hub.com\/it\/wp-json\/wp\/v2\/pages\/4157\/revisions"}],"predecessor-version":[{"id":5411,"href":"https:\/\/www.mic-hub.com\/it\/wp-json\/wp\/v2\/pages\/4157\/revisions\/5411"}],"wp:attachment":[{"href":"https:\/\/www.mic-hub.com\/it\/wp-json\/wp\/v2\/media?parent=4157"}],"curies":[{"name":"wp","href":"https:\/\/api.w.org\/{rel}","templated":true}]}}